{"id":2,"date":"2015-08-05T10:06:41","date_gmt":"2015-08-05T09:06:41","guid":{"rendered":"http:\/\/www.littlegrandstudio.com\/Site\/?page_id=2"},"modified":"2025-10-16T14:43:26","modified_gmt":"2025-10-16T12:43:26","slug":"acces","status":"publish","type":"page","link":"https:\/\/www.littlegrandstudio.com\/Site\/fr\/acces\/","title":{"rendered":"Acc\u00e8s"},"content":{"rendered":"<div id='av_section_1'  class='avia-section main_color avia-section-no-padding avia-no-border-styling avia-bg-style-scroll  avia-builder-el-0  avia-builder-el-no-sibling   av-minimum-height av-minimum-height-75  container_wrap sidebar_left' style=' '   data-av_minimum_height_pc='75'><div class='container' ><main  role=\"main\" itemprop=\"mainContentOfPage\"  class='template-page content  av-content-small units'><div class='post-entry post-entry-type-page post-entry-2'><div class='entry-content-wrapper clearfix'>\n<div class=\"flex_column av_one_half  flex_column_div av-zero-column-padding first  avia-builder-el-1  el_before_av_one_half  avia-builder-el-first  \" style='border-radius:0px; '><section class=\"av_textblock_section \"  itemscope=\"itemscope\" itemtype=\"https:\/\/schema.org\/CreativeWork\" ><div class='avia_textblock  '   itemprop=\"text\" ><p><iframe data-src=\"https:\/\/www.google.com\/maps\/embed?pb=!1m19!1m8!1m3!1d83979.49548775097!2d2.33440365241789!3d48.87042797258294!3m2!1i1024!2i768!4f13.1!4m8!3e6!4m0!4m5!1s0x47e66c1e7975a6e1%3A0xdaf6dc66137929d6!2sLittle+Grand+Studio%2C+7+Rue+des+Bergeries%2C+93300+Aubervilliers!3m2!1d48.9199114!2d2.3704182!5e0!3m2!1sfr!2sfr!4v1442397642031\" width=\"600\" height=\"450\" frameborder=\"0\" style=\"border:0\" allowfullscreen src=\"data:image\/svg+xml;base64,PHN2ZyB3aWR0aD0iMSIgaGVpZ2h0PSIxIiB4bWxucz0iaHR0cDovL3d3dy53My5vcmcvMjAwMC9zdmciPjwvc3ZnPg==\" class=\"lazyload\" data-load-mode=\"1\"><\/iframe><\/p>\n<\/div><\/section><\/div><div class=\"flex_column av_one_half  flex_column_div av-zero-column-padding   avia-builder-el-3  el_after_av_one_half  avia-builder-el-last  \" style='border-radius:0px; '><section class=\"av_textblock_section \"  itemscope=\"itemscope\" itemtype=\"https:\/\/schema.org\/CreativeWork\" ><div class='avia_textblock  '   itemprop=\"text\" ><div class=\"maincontenttext\">\n<h3><strong>Terminal 1 :<\/strong><\/h3>\n<p>2 rue de l&rsquo;Ecluse des Vertus<\/p>\n<p>93300 Aubervilliers<\/p>\n<h3><\/h3>\n<h3><strong>Terminal 2 :<\/strong><\/h3>\n<p>15 rue Marcel Carn\u00e9<\/p>\n<p>93300 Aubervilliers<\/p>\n<p><em>\u00a0<\/em><\/p>\n<p><em><a href=\"http:\/\/www.littlegrandstudio.com\/Site\/wp-content\/uploads\/2025\/10\/Plan-general-FR.pdf\" target=\"_blank\" rel=\"noopener\">Plan g\u00e9n\u00e9ral<\/a><\/em><\/p>\n<p><em><a href=\"http:\/\/www.littlegrandstudio.com\/project\/public\/media\/acces\/Acces-LittleGrand2.jpg\" target=\"_blank\" rel=\"noopener\">Plan d&rsquo;acc\u00e8s<\/a><\/em><\/p>\n<\/div>\n<\/div><\/section><br \/>\n<div  class=\"togglecontainer   toggle_close_all  avia-builder-el-5  el_after_av_textblock  avia-builder-el-last \" >\n<section class=\"av_toggle_section\"  itemscope=\"itemscope\" itemtype=\"https:\/\/schema.org\/CreativeWork\"  >    <div class=\"single_toggle\" data-tags=\"{Tout} \"  >        <p data-fake-id=\"#toggle-id-1\" class=\"toggler \"  itemprop=\"headline\"    role=\"tab\" tabindex=\"0\" aria-controls=\"toggle-id-1\">Acc\u00e8s voiture<span class=\"toggle_icon\" >        <span class=\"vert_icon\"><\/span><span class=\"hor_icon\"><\/span><\/span><\/p>        <div id=\"toggle-id-1-container\" class=\"toggle_wrap \"  >            <div class=\"toggle_content invers-color \"  itemprop=\"text\"   ><div class=\"maincontenttext\">\n<p><strong>> Par la porte de la chapelle<\/strong><br \/>\nPrendre l&rsquo;av. du pr\u00e9sident Wilson, direction Saint-Denis la Plaine (par N1)<br \/>\nPrendre \u00e0 droite la rue du Landy (au niveau du RER a\u00e9rien)<br \/>\nTout droit jusqu&rsquo;au feu apr\u00e8s le pont au dessus du canal, puis 1\u00e8re \u00e0 gauche, rue du Port<br \/>\nAu 2 eme stop prendre \u00e0 gauche, rue Marcel Carn\u00e9 (ancienne rue du Marcreux) sur 600m<\/p>\n<p>Tourner \u00e0 gauche sur la rue des Bergeries puis continuer jusqu&rsquo;au 2 rue de l&rsquo;Ecluse des Vertus<\/p>\n<p>Vous \u00eates arriv\u00e9s.<\/p>\n<p><strong>> Par la porte de la Villette<\/strong><br \/>\nPrendre direction Aubervilliers Centre, boulevard F\u00e9lix Faure<br \/>\nToujours tout droit jusqu&rsquo;\u00e0 la rue du Port<br \/>\nAu 2 eme stop prendre \u00e0 gauche, rue Marcel Carn\u00e9 (ancienne rue du Marcreux)\u00a0sur 600m<\/p>\n<p>Tourner \u00e0 gauche sur la rue des Bergeries puis continuer jusqu&rsquo;au 2 rue de l&rsquo;Ecluse des Vertus<\/p>\n<div><\/div>\n<p>Vous \u00eates arriv\u00e9s.<\/p>\n<p><strong>> Depuis l&rsquo;A86 direction Cergy<\/strong><br \/>\nPrendre la sortie N\u00b0 10 La Courneuve \/Aubervilliers<br \/>\nAu rond point, prendre la 3\u00e8me sortie, rue des Bergeries<\/p>\n<p>Continuer sur la rue de l&rsquo;Ecluse des Vertus, jusqu&rsquo;\u00e0 Little Grand Studio.<\/p>\n<p><strong>> Depuis l&rsquo;A86 direction Bobigny<\/strong><br \/>\nPrendre la sortie N\u00b0 9 La Courneuve \/Aubervilliers (1\u00e8re sortie)<br \/>\nSuivre la direction Aubervilliers \/ la Courneuve centre<br \/>\nAu rond point prendre la direction la Courneuve (D30)<br \/>\nTraverser le canal au 2\u00e8me feu \u00e0 droite direction Aubervilliers<br \/>\nAu rond point prendre la rue des Bergeries<\/p>\n<p>Continuer sur la rue de l&rsquo;Ecluse des Vertus, jusqu&rsquo;\u00e0 Little Grand Studio.<\/p>\n<div><\/div>\n<\/div>\n            <\/div>        <\/div>    <\/div><\/section>\n<section class=\"av_toggle_section\"  itemscope=\"itemscope\" itemtype=\"https:\/\/schema.org\/CreativeWork\"  >    <div class=\"single_toggle\" data-tags=\"{Tout} \"  >        <p data-fake-id=\"#toggle-id-2\" class=\"toggler \"  itemprop=\"headline\"    role=\"tab\" tabindex=\"0\" aria-controls=\"toggle-id-2\">Acc\u00e8s transports en commun<span class=\"toggle_icon\" >        <span class=\"vert_icon\"><\/span><span class=\"hor_icon\"><\/span><\/span><\/p>        <div id=\"toggle-id-2-container\" class=\"toggle_wrap \"  >            <div class=\"toggle_content invers-color \"  itemprop=\"text\"   ><p><strong>> RER<\/strong> &#8211; Ligne B &#8211; station La Plaine Stade de France<\/p>\n<p>Sortir sur la Place des droits de l&rsquo;homme, prendre \u00e0 droite la rue Fernand Grenier (en passant devant les bureaux d&rsquo;Orange).<br \/>\nContinuer tout droit jusqu&rsquo;\u00e0 la passerelle. Juste apr\u00e8s le pont prendre\u00a0\u00e0 droite\u00a0le petit escalier<br \/>\nPrendre \u00e0 gauche sur le quai et longer le canal jusqu&rsquo;\u00e0 la rue de l&rsquo;Ecluse des Vertus (le canal est sur votre droite)<\/p>\n<p><strong>> <\/strong><strong>M\u00e9tro<\/strong> &#8211; Ligne 12 &#8211; Mairie d&rsquo;Aubervilliers<\/p>\n<p>ou<\/p>\n<p><strong>M\u00e9tro<\/strong> &#8211; Ligne 13 &#8211; station Saint Denis Porte de Paris<\/p>\n<p>ou<\/p>\n<p><strong>M\u00e9tro<\/strong> &#8211; Ligne 7 &#8211; station Aubervilliers Pantin (4 Chemins)<br \/>\nPrendre le bus 170, descendre \u00e0 l&rsquo;arr\u00eat Pont du chemin de fer (sur le rond point)<br \/>\nPrendre la rue des Bergeries sur 500m (en direction de la d\u00e9chetterie)<\/p>\n            <\/div>        <\/div>    <\/div><\/section>\n<\/div><\/p><\/div><\/div><\/div><\/main><!-- close content main element --><\/div><\/div><div id='after_section_1'  class='main_color av_default_container_wrap container_wrap sidebar_left' style=' '  ><div class='container' ><div class='template-page content  av-content-small units'><div class='post-entry post-entry-type-page post-entry-2'><div class='entry-content-wrapper clearfix'>\n","protected":false},"excerpt":{"rendered":"","protected":false},"author":1,"featured_media":0,"parent":0,"menu_order":0,"comment_status":"open","ping_status":"open","template":"","meta":{"footnotes":""},"class_list":["post-2","page","type-page","status-publish","hentry"],"_links":{"self":[{"href":"https:\/\/www.littlegrandstudio.com\/Site\/wp-json\/wp\/v2\/pages\/2","targetHints":{"allow":["GET"]}}],"collection":[{"href":"https:\/\/www.littlegrandstudio.com\/Site\/wp-json\/wp\/v2\/pages"}],"about":[{"href":"https:\/\/www.littlegrandstudio.com\/Site\/wp-json\/wp\/v2\/types\/page"}],"author":[{"embeddable":true,"href":"https:\/\/www.littlegrandstudio.com\/Site\/wp-json\/wp\/v2\/users\/1"}],"replies":[{"embeddable":true,"href":"https:\/\/www.littlegrandstudio.com\/Site\/wp-json\/wp\/v2\/comments?post=2"}],"version-history":[{"count":42,"href":"https:\/\/www.littlegrandstudio.com\/Site\/wp-json\/wp\/v2\/pages\/2\/revisions"}],"predecessor-version":[{"id":3475,"href":"https:\/\/www.littlegrandstudio.com\/Site\/wp-json\/wp\/v2\/pages\/2\/revisions\/3475"}],"wp:attachment":[{"href":"https:\/\/www.littlegrandstudio.com\/Site\/wp-json\/wp\/v2\/media?parent=2"}],"curies":[{"name":"wp","href":"https:\/\/api.w.org\/{rel}","templated":true}]}}