{"id":3315,"date":"2024-09-05T15:28:29","date_gmt":"2024-09-05T13:28:29","guid":{"rendered":"http:\/\/www.littlegrandstudio.com\/Site\/?page_id=3315"},"modified":"2024-09-06T10:04:47","modified_gmt":"2024-09-06T08:04:47","slug":"faq","status":"publish","type":"page","link":"http:\/\/www.littlegrandstudio.com\/Site\/fr\/faq\/","title":{"rendered":"FAQ"},"content":{"rendered":"<div class=\"flex_column av_one_fifth  flex_column_div av-zero-column-padding first  avia-builder-el-0  el_before_av_three_fifth  avia-builder-el-first  \" style='border-radius:0px; '><\/div>\n<div class=\"flex_column av_three_fifth  flex_column_div av-zero-column-padding   avia-builder-el-1  el_after_av_one_fifth  el_before_av_one_fifth  \" style='border-radius:0px; '><div  class=\"togglecontainer    avia-builder-el-2  avia-builder-el-no-sibling \" >\n<section class=\"av_toggle_section\"  itemscope=\"itemscope\" itemtype=\"https:\/\/schema.org\/CreativeWork\"  >    <div class=\"single_toggle\" data-tags=\"{Tout} \"  >        <p data-fake-id=\"#toggle-id-1\" class=\"toggler \"  itemprop=\"headline\"    role=\"tab\" tabindex=\"0\" aria-controls=\"toggle-id-1\">Quel est le tarif des heures suppl\u00e9mentaires ?<span class=\"toggle_icon\" >        <span class=\"vert_icon\"><\/span><span class=\"hor_icon\"><\/span><\/span><\/p>        <div id=\"toggle-id-1-container\" class=\"toggle_wrap \"  >            <div class=\"toggle_content invers-color \"  itemprop=\"text\"   ><p style=\"font-weight: 400;\">Les studios sont ouverts de 9h00 \u00e0 19h00, au-del\u00e0 les heures suppl\u00e9mentaires sont factur\u00e9es :<\/p>\n<ul>\n<li style=\"font-weight: 400;\">150\u20ac\/heure entre 7h00-9h00 et 19h00-22h00<\/li>\n<li>300\u20ac\/heure entre 22h00 et 7h00<\/li>\n<\/ul>\n            <\/div>        <\/div>    <\/div><\/section>\n<section class=\"av_toggle_section\"  itemscope=\"itemscope\" itemtype=\"https:\/\/schema.org\/CreativeWork\"  >    <div class=\"single_toggle\" data-tags=\"{Tout} \"  >        <p data-fake-id=\"#toggle-id-2\" class=\"toggler \"  itemprop=\"headline\"    role=\"tab\" tabindex=\"0\" aria-controls=\"toggle-id-2\">La remise en blanc des studios est-elle automatique ?<span class=\"toggle_icon\" >        <span class=\"vert_icon\"><\/span><span class=\"hor_icon\"><\/span><\/span><\/p>        <div id=\"toggle-id-2-container\" class=\"toggle_wrap \"  >            <div class=\"toggle_content invers-color \"  itemprop=\"text\"   ><p style=\"font-weight: 400;\">Les plateaux sont fournis blancs en l\u2019\u00e9tat pour le sol et blanc immacul\u00e9 pour les murs.<\/p>\n<p style=\"font-weight: 400;\">Si une production souhaite un blanc immacul\u00e9 au sol, la remise en blanc est \u00e0 sa charge (prix au m2).<\/p>\n<p style=\"font-weight: 400;\">Rien n&rsquo;est factur\u00e9 pour une utilisation standard du plateau. Des frais de peinture peuvent \u00eatre ajout\u00e9s si le plateau est excessivement sali ou tach\u00e9.<\/p>\n            <\/div>        <\/div>    <\/div><\/section>\n<section class=\"av_toggle_section\"  itemscope=\"itemscope\" itemtype=\"https:\/\/schema.org\/CreativeWork\"  >    <div class=\"single_toggle\" data-tags=\"{Tout} \"  >        <p data-fake-id=\"#toggle-id-3\" class=\"toggler \"  itemprop=\"headline\"    role=\"tab\" tabindex=\"0\" aria-controls=\"toggle-id-3\">Mon catering b\u00e9n\u00e9ficie-t-il d\u2019un office sur place ?<span class=\"toggle_icon\" >        <span class=\"vert_icon\"><\/span><span class=\"hor_icon\"><\/span><\/span><\/p>        <div id=\"toggle-id-3-container\" class=\"toggle_wrap \"  >            <div class=\"toggle_content invers-color \"  itemprop=\"text\"   ><p style=\"font-weight: 400;\">Le studio met \u00e0 disposition une pi\u00e8ce avec plan de travail, frigo et plonge. Cet espace est commun \u00e0 tous les caterings pr\u00e9sents.<\/p>\n<p style=\"font-weight: 400;\"><strong>Il est interdit de cuisiner dans cette pi\u00e8ce<\/strong> qui ne dispose pas de hotte d\u2019a\u00e9ration.<\/p>\n<p style=\"font-weight: 400;\">Il est de la responsabilit\u00e9 de chaque \u00e9quipe de nettoyer et sortir les poubelles. Des frais peuvent \u00eatre imput\u00e9s \u00e0 la production le cas \u00e9ch\u00e9ant.<\/p>\n            <\/div>        <\/div>    <\/div><\/section>\n<section class=\"av_toggle_section\"  itemscope=\"itemscope\" itemtype=\"https:\/\/schema.org\/CreativeWork\"  >    <div class=\"single_toggle\" data-tags=\"{Tout} \"  >        <p data-fake-id=\"#toggle-id-4\" class=\"toggler \"  itemprop=\"headline\"    role=\"tab\" tabindex=\"0\" aria-controls=\"toggle-id-4\">Puis-je faire livrer des \u00e9l\u00e9ments la veille du shoot\/tournage ?<span class=\"toggle_icon\" >        <span class=\"vert_icon\"><\/span><span class=\"hor_icon\"><\/span><\/span><\/p>        <div id=\"toggle-id-4-container\" class=\"toggle_wrap \"  >            <div class=\"toggle_content invers-color \"  itemprop=\"text\"   ><p style=\"font-weight: 400;\">Les livraisons la veille doivent \u00eatre programm\u00e9es au plus tard \u00e0 19h00 sur place.<\/p>\n<p style=\"font-weight: 400;\">Dans tous les cas, il faut au pr\u00e9alable demander l\u2019accord du bureau\/booking (01 48 11 12 90).<\/p>\n<p style=\"font-weight: 400;\"><strong>Les \u00e9l\u00e9ments doivent \u00eatre clairement identifi\u00e9s<\/strong> avec nom de la production \/ client \/ num\u00e9ro de plateau et un contact.<\/p>\n            <\/div>        <\/div>    <\/div><\/section>\n<section class=\"av_toggle_section\"  itemscope=\"itemscope\" itemtype=\"https:\/\/schema.org\/CreativeWork\"  >    <div class=\"single_toggle\" data-tags=\"{Tout} \"  >        <p data-fake-id=\"#toggle-id-5\" class=\"toggler \"  itemprop=\"headline\"    role=\"tab\" tabindex=\"0\" aria-controls=\"toggle-id-5\">Puis-je garer mon garer mon camion la veille du tournage ?<span class=\"toggle_icon\" >        <span class=\"vert_icon\"><\/span><span class=\"hor_icon\"><\/span><\/span><\/p>        <div id=\"toggle-id-5-container\" class=\"toggle_wrap \"  >            <div class=\"toggle_content invers-color \"  itemprop=\"text\"   ><p style=\"font-weight: 400;\">Le studio ne peut accepter les v\u00e9hicules avant le d\u00e9but du projet. Les camions peuvent en revanche bien rester sur le parking les soirs de tournages sur plusieurs jours.<\/p>\n            <\/div>        <\/div>    <\/div><\/section>\n<section class=\"av_toggle_section\"  itemscope=\"itemscope\" itemtype=\"https:\/\/schema.org\/CreativeWork\"  >    <div class=\"single_toggle\" data-tags=\"{Tout} \"  >        <p data-fake-id=\"#toggle-id-6\" class=\"toggler \"  itemprop=\"headline\"    role=\"tab\" tabindex=\"0\" aria-controls=\"toggle-id-6\">Puis-je venir avec mon \u00e9quipement lumi\u00e8re photo ?<span class=\"toggle_icon\" >        <span class=\"vert_icon\"><\/span><span class=\"hor_icon\"><\/span><\/span><\/p>        <div id=\"toggle-id-6-container\" class=\"toggle_wrap \"  >            <div class=\"toggle_content invers-color \"  itemprop=\"text\"   ><p style=\"font-weight: 400;\">Le studio dispose d\u2019un parc de mat\u00e9riel lumi\u00e8re photo cons\u00e9quent (source, grip, accessoires) au sein du b\u00e2timent.<\/p>\n<p style=\"font-weight: 400;\">Les listes lumi\u00e8res photos doivent obligatoirement passer par le studio.<\/p>\n            <\/div>        <\/div>    <\/div><\/section>\n<section class=\"av_toggle_section\"  itemscope=\"itemscope\" itemtype=\"https:\/\/schema.org\/CreativeWork\"  >    <div class=\"single_toggle\" data-tags=\"{Tout} \"  >        <p data-fake-id=\"#toggle-id-7\" class=\"toggler \"  itemprop=\"headline\"    role=\"tab\" tabindex=\"0\" aria-controls=\"toggle-id-7\">Y\u2019a t-il le wifi sur mon plateau ?<span class=\"toggle_icon\" >        <span class=\"vert_icon\"><\/span><span class=\"hor_icon\"><\/span><\/span><\/p>        <div id=\"toggle-id-7-container\" class=\"toggle_wrap \"  >            <div class=\"toggle_content invers-color \"  itemprop=\"text\"   ><p>Chaque plateau dispose de 100 Mo de d\u00e9bit.<\/p>\n            <\/div>        <\/div>    <\/div><\/section>\n<section class=\"av_toggle_section\"  itemscope=\"itemscope\" itemtype=\"https:\/\/schema.org\/CreativeWork\"  >    <div class=\"single_toggle\" data-tags=\"{Tout} \"  >        <p data-fake-id=\"#toggle-id-8\" class=\"toggler \"  itemprop=\"headline\"    role=\"tab\" tabindex=\"0\" aria-controls=\"toggle-id-8\">Qu\u2019est-ce que la taxe RSE ?<span class=\"toggle_icon\" >        <span class=\"vert_icon\"><\/span><span class=\"hor_icon\"><\/span><\/span><\/p>        <div id=\"toggle-id-8-container\" class=\"toggle_wrap \"  >            <div class=\"toggle_content invers-color \"  itemprop=\"text\"   ><p style=\"font-weight: 400;\">Nous avons pris la d\u00e9cision de facturer une \u00ab\u00a0taxe RSE\u00a0\u00bb correspondant \u00e0 une participation \u00e0 la gestion des d\u00e9chets.<\/p>\n<p style=\"font-weight: 400;\">L\u2019ann\u00e9e 2023 nous a permis de constater que le volume de d\u00e9chets \u00e0 recycler \u00e9tait devenu tr\u00e8s important, notamment la quantit\u00e9 de verre et emballages carton qui est exponentielle avec une rotation quasi quotidienne de notre partenaire de tri.<\/p>\n<p style=\"font-weight: 400;\">Cette taxe RSE comprend le recyclage des d\u00e9chets mais aussi l&rsquo;adaptation de nos infrastructures pour g\u00e9rer tous les types de d\u00e9chets\u00a0: bacs de d\u00e9cantation pour tous les d\u00e9chets toxiques type peinture, solvant, colle\u00a0; circuits sp\u00e9ciaux pour les encres, toner, piles, ampoules.<\/p>\n<p style=\"font-weight: 400;\">Le montant s\u2019applique par production et par jour et r\u00e9pond \u00e0 notre volont\u00e9 \u00e0 tous d\u2019avancer vers des productions plus vertes.<\/p>\n            <\/div>        <\/div>    <\/div><\/section>\n<\/div><\/div><div class=\"flex_column av_one_fifth  flex_column_div av-zero-column-padding   avia-builder-el-3  el_after_av_three_fifth  avia-builder-el-last  \" style='border-radius:0px; '><\/div><\/p>\n","protected":false},"excerpt":{"rendered":"","protected":false},"author":4,"featured_media":0,"parent":0,"menu_order":0,"comment_status":"open","ping_status":"open","template":"","meta":{"footnotes":""},"class_list":["post-3315","page","type-page","status-publish","hentry"],"_links":{"self":[{"href":"http:\/\/www.littlegrandstudio.com\/Site\/wp-json\/wp\/v2\/pages\/3315","targetHints":{"allow":["GET"]}}],"collection":[{"href":"http:\/\/www.littlegrandstudio.com\/Site\/wp-json\/wp\/v2\/pages"}],"about":[{"href":"http:\/\/www.littlegrandstudio.com\/Site\/wp-json\/wp\/v2\/types\/page"}],"author":[{"embeddable":true,"href":"http:\/\/www.littlegrandstudio.com\/Site\/wp-json\/wp\/v2\/users\/4"}],"replies":[{"embeddable":true,"href":"http:\/\/www.littlegrandstudio.com\/Site\/wp-json\/wp\/v2\/comments?post=3315"}],"version-history":[{"count":12,"href":"http:\/\/www.littlegrandstudio.com\/Site\/wp-json\/wp\/v2\/pages\/3315\/revisions"}],"predecessor-version":[{"id":3343,"href":"http:\/\/www.littlegrandstudio.com\/Site\/wp-json\/wp\/v2\/pages\/3315\/revisions\/3343"}],"wp:attachment":[{"href":"http:\/\/www.littlegrandstudio.com\/Site\/wp-json\/wp\/v2\/media?parent=3315"}],"curies":[{"name":"wp","href":"https:\/\/api.w.org\/{rel}","templated":true}]}}