{"id":1232,"date":"2015-12-16T17:29:57","date_gmt":"2015-12-16T16:29:57","guid":{"rendered":"http:\/\/www.littlegrandstudio.com\/Site\/?page_id=1232"},"modified":"2024-06-20T11:13:45","modified_gmt":"2024-06-20T10:13:45","slug":"contact","status":"publish","type":"page","link":"http:\/\/www.littlegrandstudio.com\/Site\/en\/contact\/","title":{"rendered":"Contact"},"content":{"rendered":"<div class=\"flex_column av_one_half  flex_column_div av-zero-column-padding first  avia-builder-el-0  el_before_av_one_half  avia-builder-el-first  \" style='border-radius:0px; '><section class=\"av_textblock_section \"  itemscope=\"itemscope\" itemtype=\"https:\/\/schema.org\/CreativeWork\" ><div class='avia_textblock  av_inherit_color '   itemprop=\"text\" ><div class=\"maincontent\">\n<h2>+ 33 1 48 11 12 90<\/h2>\n<p style=\"font-weight: 400;\"><a href=\"https:\/\/forms.gle\/vfgrwtRWr6P6cnHJ7\">Click here to report a lost item<\/a><\/p>\n<div class=\"maincontenttext\">\n<p><strong><span style=\"color: #719430;\">Studio manager &amp; booking :<\/span><br \/>\n<\/strong><\/p>\n<div class=\"maincontenttext\">\n<p><strong>\u2014 B\u00e9reng\u00e8re LAURIN<\/strong><br \/>\n00 33 6 69 23 10 09<br \/>\n<a href=\"mailto:berengere@littlegrandstudio.com\">berengere@littlegrandstudio.com<\/a><br \/>\n<strong><br \/>\n\u2014 Nathalie DUPEYRON<\/strong><br \/>\n00 33 6 61 77 14 10<br \/>\n<a href=\"mailto:nathalie@littlegrandstudio.com\">nathalie@littlegrandstudio.com<\/a><\/p>\n<p><strong>\u2014 Armelle REFUVEILLE<\/strong><br \/>\n00 33 6 64 69 18 69<br \/>\n<a href=\"mailto:armelle@littlegrandstudio.com\">armelle@littlegrandstudio.com<\/a><\/p>\n<p><strong>\u2014 Amandine BESACIER<\/strong><br \/>\n00 33 6 07 14 73 39<br \/>\n<a href=\"mailto:amandine@littlegrandstudio.com\">amandine@littlegrandstudio.com<\/a><\/p>\n<p><strong><span style=\"color: #719430;\">Management :<\/span><\/strong><br \/>\n<strong><br \/>\n\u2014 General T1<\/strong><br \/>\n00 33 6 59 86 37 15<\/p>\n<p><strong>\u2014 General T2<\/strong><br \/>\n00 33 6 58 28 93 35<\/p>\n<\/div>\n<p><strong><span style=\"color: #719430;\">Equipment and props :<\/span><\/strong><\/p>\n<div class=\"maincontenttext\">\n<p><strong>\u2014 Lambert CHIAVENUTO<\/strong><br \/>\n00 33 6 77 81 75 38<br \/>\n<a href=\"mailto:lambert@littlegrandstudio.com\" target=\"_blank\" rel=\"noopener noreferrer\">lambert@littlegrandstudio.com<\/a><\/p>\n<p><strong>\u2014 Quentin PICHOT<\/strong><br \/>\n00 33 7 89 99 05 83<\/p>\n<\/div>\n<p><strong><span style=\"color: #719430;\">Account :<\/span><\/strong><\/p>\n<p>00 33 1 53 56 12 20<br \/>\n<a href=\"mailto:compta@littlegrandstudio.com\" target=\"_blank\" rel=\"noopener noreferrer\">compta@littlegrandstudio.com<\/a><\/p>\n<\/div>\n<\/div>\n<\/div><\/section><\/div><div class=\"flex_column av_one_half  flex_column_div av-zero-column-padding   avia-builder-el-2  el_after_av_one_half  avia-builder-el-last  \" style='border-radius:0px; '><form action=\"http:\/\/www.littlegrandstudio.com\/Site\/en\/contact\/\" method=\"post\"  class=\"avia_ajax_form av-form-labels-visible   avia-builder-el-3  avia-builder-el-no-sibling   \" data-avia-form-id=\"1\" data-avia-redirect='' ><h3 class=''>Send us an email<\/h3><fieldset><p class=' first_form  form_element form_fullwidth' id='element_avia_1_1'><label for=\"avia_1_1\">Name <abbr class=\"required\" title=\"requis\">*<\/abbr><\/label> <input name=\"avia_1_1\" class=\"text_input is_empty\" type=\"text\" id=\"avia_1_1\" value=\"\" \/><\/p><p class=' first_form  form_element form_fullwidth' id='element_avia_2_1'><label for=\"avia_2_1\">Email <abbr class=\"required\" title=\"requis\">*<\/abbr><\/label> <input name=\"avia_2_1\" class=\"text_input is_email\" type=\"text\" id=\"avia_2_1\" value=\"\" \/><\/p><p class=' first_form  form_element form_fullwidth' id='element_avia_3_1'><label for=\"avia_3_1\">Subject <abbr class=\"required\" title=\"requis\">*<\/abbr><\/label> <input name=\"avia_3_1\" class=\"text_input is_empty\" type=\"text\" id=\"avia_3_1\" value=\"\" \/><\/p><p class=' first_form  form_element form_fullwidth' id='element_avia_4_1'>\t <label for=\"avia_4_1\" class=\"textare_label hidden textare_label_avia_4_1\">Message <abbr class=\"required\" title=\"requis\">*<\/abbr><\/label>\t <textarea  name=\"avia_4_1\" class=\"text_area is_empty\" cols=\"40\" rows=\"7\" id=\"avia_4_1\" ><\/textarea><\/p><p class=\"hidden\"><input type=\"text\" name=\"avia_5_1\" class=\"hidden \" id=\"avia_5_1\" value=\"\" \/><\/p><p class='   form_element form_fullwidth' id='element_avia_6_1'>    <span class='value_verifier_label'>1 + 3 = ?<\/span>    <input name=\"avia_6_1_verifier\" type=\"hidden\" id=\"avia_6_1_verifier\" value=\"787466473\"\/><label for=\"avia_6_1\">Pour prouver que vous \u00eates un humain, donnez le r\u00e9sultat de cette simple op\u00e9ration <abbr class=\"required\" title=\"requis\">*<\/abbr><\/label>    <input name=\"avia_6_1\" class=\"text_input captcha\" type=\"text\" id=\"avia_6_1\" value=\"\"\/><\/p><p class=\"form_element \"><input type=\"hidden\" value=\"1\" name=\"avia_generated_form1\" \/><input type=\"submit\" value=\"Valider\" class=\"button\"  data-sending-label=\"Envoi\"\/><\/p><\/fieldset><div class=\"avia-disabled-forn\">This contact form is deactivated because you refused to accept Google reCaptcha service which is necessary to validate any messages sent by the form.<\/div><\/form><div id=\"ajaxresponse_1\" class=\"ajaxresponse ajaxresponse_1 hidden\"><\/div><\/div><\/p>\n","protected":false},"excerpt":{"rendered":"","protected":false},"author":1,"featured_media":0,"parent":0,"menu_order":0,"comment_status":"open","ping_status":"open","template":"","meta":{"footnotes":""},"class_list":["post-1232","page","type-page","status-publish","hentry"],"_links":{"self":[{"href":"http:\/\/www.littlegrandstudio.com\/Site\/wp-json\/wp\/v2\/pages\/1232","targetHints":{"allow":["GET"]}}],"collection":[{"href":"http:\/\/www.littlegrandstudio.com\/Site\/wp-json\/wp\/v2\/pages"}],"about":[{"href":"http:\/\/www.littlegrandstudio.com\/Site\/wp-json\/wp\/v2\/types\/page"}],"author":[{"embeddable":true,"href":"http:\/\/www.littlegrandstudio.com\/Site\/wp-json\/wp\/v2\/users\/1"}],"replies":[{"embeddable":true,"href":"http:\/\/www.littlegrandstudio.com\/Site\/wp-json\/wp\/v2\/comments?post=1232"}],"version-history":[{"count":19,"href":"http:\/\/www.littlegrandstudio.com\/Site\/wp-json\/wp\/v2\/pages\/1232\/revisions"}],"predecessor-version":[{"id":3101,"href":"http:\/\/www.littlegrandstudio.com\/Site\/wp-json\/wp\/v2\/pages\/1232\/revisions\/3101"}],"wp:attachment":[{"href":"http:\/\/www.littlegrandstudio.com\/Site\/wp-json\/wp\/v2\/media?parent=1232"}],"curies":[{"name":"wp","href":"https:\/\/api.w.org\/{rel}","templated":true}]}}